{"id":20757,"date":"2020-09-14T16:16:45","date_gmt":"2020-09-14T14:16:45","guid":{"rendered":"https:\/\/www.ripess.eu\/?page_id=20757"},"modified":"2020-10-06T12:14:44","modified_gmt":"2020-10-06T10:14:44","slug":"grupos-tematicos-2020-nuestros-miembros-colaboran","status":"publish","type":"page","link":"https:\/\/ripess.eu\/es\/9a-asamblea-general-2020\/grupos-tematicos-2020-nuestros-miembros-colaboran\/","title":{"rendered":"Grupos tem\u00e1ticos 2020, nuestros miembros colaboran !"},"content":{"rendered":"\n<h2 class=\"has-vivid-cyan-blue-color has-text-color wp-block-heading\"><span style=\"color: #0000ff;\">Los siguientes grupos tem\u00e1ticos tuvieron lugar (el 18 de septiembre) durante la reuni\u00f3n en l\u00ednea de la Asamblea General.<\/span><\/h2>\n\n\n\n<p><span style=\"color: #0000ff;\"><\/span><\/p>\n\n\n\n<h3 class=\"has-vivid-cyan-blue-color has-text-color wp-block-heading\"><span style=\"color: #0000ff;\"><em>Toda la informaci\u00f3n sobre los grupos de trabajo se a\u00f1adir\u00e1 aqu\u00ed (pr\u00f3ximas reuniones, seguimiento, trabajo en equipo, etc.)\u2026<\/em><\/span><\/h3>\n\n\n\n<p><span style=\"color: #0000ff;\"><\/span><\/p>\n\n\n\n<h4 class=\"has-vivid-cyan-blue-color has-text-color wp-block-heading\"><span style=\"color: #0000ff;\"><strong>Plataformas de cooperaci\u00f3n econ\u00f3mica en l\u00ednea y Smarket Place<\/strong><\/span><\/h4>\n\n\n\n<p><span style=\"color: #0000ff;\"><strong>Descripci\u00f3n<\/strong><\/span> : Iniciado en Ginebra por Apr\u00e8s-Ge y Monnaie L\u00e9man, con la colaboraci\u00f3n de RIPESS Europa (validado durante nuestra \u00faltima Asamblea General), el proyecto SmartketPlace fue concebido durante el Hack-Covid19. Se hab\u00eda hecho evidente que la crisis econ\u00f3mica provocada por el confinamiento reforzar\u00eda los GAFAM*, la gran distribuci\u00f3n y los supermercados en l\u00ednea, en detrimento de los productores locales, la peque\u00f1a distribuci\u00f3n y la econom\u00eda social y solidaria. Se necesitaba una respuesta inmediata y concreta, tecnol\u00f3gicamente eficiente y f\u00e1cilmente \u00abreproducible\u00bb, para responder a la crisis actual y sentar las bases de una econom\u00eda local que pudiera resistir las crisis anunciadas. Es una cuesti\u00f3n de supervivencia para muchos de nosotrxs!<\/p>\n\n\n\n<p>La plataforma SmartketPlace es un mercado generalista, sostenible, social y solidario, dirigido a las comunidades locales y reproducible \u00aben todo el planeta\u00bb. Se centra en la persona y el respeto de sus datos. Permite circuitos cortos para nuestros bienes, nuestros servicios, y crea un \u00abcommons\u00bb con los datos personales que todo el mundo quiere poner a disposici\u00f3n, de forma cuidadosa y consciente!<\/p>\n\n\n\n<h4 class=\"has-vivid-cyan-blue-color has-text-color wp-block-heading\"><span style=\"color: #0000ff;\"><strong>Comit\u00e9 Cient\u00edfico y Manifiesto por la Econom\u00eda Solidaria<\/strong><\/span><\/h4>\n\n\n\n<p><span style=\"color: #0000ff;\"><strong>Descripci\u00f3n <\/strong><\/span>: Ripess Eu ha aprobado recientemente el Manifiesto Internacional para la Econom\u00eda Solidaria llevado por el mundo de la investigaci\u00f3n acad\u00e9mica para el Foro Mundial sobre Econom\u00edas Transformadoras. Ahora parece importante utilizar el Manifiesto como una herramienta para llegar y reunir a otros acad\u00e9micos, estudiantes, etc. con los que los miembros de RIPESS Eu ya est\u00e1n trabajando o identifican como tales, con el fin de lanzar una vida cient\u00edfica m\u00e1s activa y abierta, compartir algunos puntos en com\u00fan con nuevas personas del campo cient\u00edfico en general. Este taller abrir\u00e1 un espacio para presentar y discutir propuestas en esa perspectiva: cada miembro es bienvenido a compartir su experiencia con el mundo acad\u00e9mico, los puentes ya existentes o que faltan, las expectativas en cuanto al desarrollo de tales v\u00ednculos acad\u00e9micos, etc.<\/p>\n\n\n\n<p><strong><span style=\"color: #0000ff;\"><a style=\"color: #0000ff;\" href=\"http:\/\/www.sohttp:\/\/www.socioeco.org\/bdf_fiche-document-7250_es.html\">LEER EL MANIFIESTO<\/a><\/span><\/strong><\/p>\n\n\n\n<p>Informe de la reuni\u00f3n de la AG: Luciane Lucas, como miembro del comit\u00e9 cient\u00edfico, se ofreci\u00f3 a publicar un art\u00edculo escrito como seguimiento de la Asamblea General:<\/p>\n\n\n\n<p>El comit\u00e9 cient\u00edfico tuvo su primer grupo de trabajo durante este 2020 RIPESS Eu GA! La investigaci\u00f3n cient\u00edfica se est\u00e1 desarrollando dentro de la red europea de RIPESS, y en cooperaci\u00f3n con sus miembros. Como muchos miembros han dado testimonio de la lucha por ser reconocidos como iniciativas transformadoras, m\u00e1s que como un negocio con un tinte de orientaci\u00f3n social, el comit\u00e9 cient\u00edfico tiene como objetivo participar en la visibilidad de la econom\u00eda social y solidaria, y reforzar la capacidad de desarrollar trabajos cient\u00edficos dedicados a la econom\u00eda social y solidaria, basados en las iniciativas de los miembros de RIPESS Europa. El comit\u00e9 contribuir\u00e1 a la difusi\u00f3n del Manifiesto por la Econom\u00eda Solidaria : el manifiesto ha sido redactado y firmado por acad\u00e9micos e investigadores de varios continentes (\u00c1frica, Am\u00e9rica, Asia, Europa) que trabajan desde hace mucho tiempo con los practicantes de la econom\u00eda solidaria, para interpelar a los poderes p\u00fablicos en cuanto a su apoyo a esta econom\u00eda emergente. Se present\u00f3 durante el FSMET. Organizaremos un seminario web espec\u00edfico para presentarlo y discutirlo con los miembros de RIPESS. El comit\u00e9 tambi\u00e9n organizar\u00e1 seminarios en l\u00ednea para abrir una serie de temas para fertilizar las investigaciones y la exploraci\u00f3n de RIPESS EU con perspectivas que a\u00fan no se han discutido mucho en el movimiento de la ESS, en particular la perspectiva feminista y descolonial. Tambi\u00e9n ser\u00e1 una oportunidad para presentar investigaciones en profundidad y debatir sobre nociones y conceptos espec\u00edficos (como la acci\u00f3n colectiva, la innovaci\u00f3n social, etc.).<\/p>\n\n\n\n<h4 class=\"has-vivid-cyan-blue-color has-text-color wp-block-heading\"><span style=\"color: #0000ff;\"><strong>Impacto social, auditor\u00eda social, utilidad social<\/strong><\/span><\/h4>\n\n\n\n<p><span style=\"color: #0000ff;\"><strong>Descripci\u00f3n<\/strong><\/span> : La cuesti\u00f3n de la evaluaci\u00f3n del impacto social ha adquirido una importancia incre\u00edble en los \u00faltimos a\u00f1os, en toda Europa y, en particular, con el desarrollo de la financiaci\u00f3n del impacto. Pero es importante darse cuenta de que se trata de una cuesti\u00f3n muy pol\u00edtica y que la forma de entenderla no est\u00e1 exenta de consecuencias para la ESS en su conjunto. Por ello, RIPESS Europa ha querido empezar a trabajar en este tema para forjar una cultura com\u00fan entre sus miembros. El enfoque se basa en el intercambio de pr\u00e1cticas, la comprensi\u00f3n de los diferentes enfoques y planteamientos iniciados en Europa y la construcci\u00f3n de una defensa pol\u00edtica.<\/p>\n\n\n\n<p>Este taller forma parte de la estrategia global de RIPESS Europa, que tiene como objetivo construir colectivamente un plan de acci\u00f3n para la red en los pr\u00f3ximos meses. Ser\u00e1 la ocasi\u00f3n de iniciar un primer debate sobre las diferentes nociones (utilidad social, impacto social, auditor\u00eda social\u2026), primer paso hacia la construcci\u00f3n de una visi\u00f3n compartida.<\/p>\n\n\n\n<h4 class=\"has-vivid-cyan-blue-color has-text-color wp-block-heading\"><span style=\"color: #0000ff;\"><strong>Agenda de las Econom\u00edas de Transformaci\u00f3n<\/strong><\/span><\/h4>\n\n\n\n<p><span style=\"color: #0000ff;\"><strong>Descripci\u00f3n <\/strong><\/span>: RIPESS Europa ha sido uno de los principales promotores del Foro Social Mundial de Econom\u00edas Transformadoras (WSFTE\/FSMET), que tuvo lugar en l\u00ednea entre el 25 de junio y el 1 de julio. Despu\u00e9s de un breve resumen de las \u00faltimas noticias, discutiremos c\u00f3mo, como miembros de RIPESS, podemos y debemos participar en los pr\u00f3ximos pasos de convergencia (territoriales, intersectoriales y entre movimientos) para reunir las iniciativas para la transformaci\u00f3n de la econom\u00eda de mercado principal y la alianza en torno a un programa de las Econom\u00edas Transformadoras.<br>Las organizaciones, redes y entidades que participan en el proceso del FSMET pueden promover sus iniciativas de transformaci\u00f3n: luchas, campa\u00f1as, proyectos, pol\u00edticas y pr\u00e1cticas que reflejen la b\u00fasqueda de econom\u00edas transformadoras en el sentido m\u00e1s amplio. El objetivo es hacer visibles las iniciativas que responden a los principales desaf\u00edos mundiales sobre la base de pr\u00e1cticas concretas y localizadas. Vea el proceso y los temas aqu\u00ed.<\/p>\n\n\n\n<h4 class=\"has-vivid-cyan-blue-color has-text-color wp-block-heading\"><span style=\"color: #0000ff;\"><strong>Juventud y SSE<\/strong><\/span><\/h4>\n\n\n\n<p><span style=\"color: #0000ff;\"><strong>Descripci\u00f3n<\/strong><\/span> : En los \u00faltimos a\u00f1os, la necesidad de centrarse en las generaciones m\u00e1s j\u00f3venes y de abordar sus problemas es cada vez m\u00e1s necesaria para promover la cultura y las pr\u00e1cticas de la ESS. Nuestra propuesta es construir un proceso que conduzca a la creaci\u00f3n de una red internacional de j\u00f3venes (RIPESS y m\u00e1s all\u00e1), involucrados en iniciativas de Econom\u00eda Social y Solidaria.<\/p>\n\n\n\n<p>Las etapas de este proceso podr\u00edan ser:<\/p>\n\n\n\n<ul class=\"wp-block-list\"><li>la actividad intercontinental de RIPESS del 28\/6 durante el FSMTE sobre la Juventud y la ESS (ver el resumen en anexo);<\/li><li>el Webinar del 18\/10 sobre Juventud y ESS (centrado en los desaf\u00edos) en el marco del GSEF y organizado por RIPESS;<\/li><li>otros seminarios web, reuniones de trabajo y otras oportunidades de enriquecimiento\/conexi\u00f3n que se organizar\u00e1n;<\/li><li>la promoci\u00f3n de un proyecto intercontinental de creaci\u00f3n de capacidad Erasmus+ (para reforzar las competencias individuales y fortalecer los v\u00ednculos internacionales);<\/li><li>la creaci\u00f3n (posiblemente con el apoyo de otro proyecto Erasmus+) de una red informal pero estructurada de j\u00f3venes involucrados en iniciativas de Econom\u00eda Social y Solidaria.<\/li><\/ul>\n\n\n\n<p><span style=\"color: #0000ff;\"><strong>Informe de la reuni\u00f3n de la AG<\/strong><\/span>: El grupo de j\u00f3venes y SSE de la AG de RIPESS incluy\u00f3 a Francesco Capellini, Sof\u00eda Pereira, Carolina, Nina, Juliette, Andrea Rodr\u00edguez y Davide Tonon. La reuni\u00f3n sirvi\u00f3 para reflexionar sobre la posici\u00f3n de los j\u00f3venes en torno a la SSE. En general, los j\u00f3venes son cada vez m\u00e1s conscientes de la Econom\u00eda Social y Solidaria y sus beneficios, sin embargo, es cierto que hay una falta de informaci\u00f3n sobre algunos temas &#8211; por ejemplo, sobre c\u00f3mo crear una cooperativa o cu\u00e1les son las ventajas del comercio justo. Por otra parte, tambi\u00e9n se sugiri\u00f3 la idea de la importancia de crear una convergencia entre los j\u00f3venes y la necesidad de renovar la ESS para hacerla m\u00e1s atractiva a las nuevas generaciones, ya que en algunos casos puede considerarse como algo obsoleto. Por \u00faltimo, tambi\u00e9n se habl\u00f3 de la necesidad de conectar la ESS con los movimientos sociales de base, que en su mayor\u00eda son promovidos por los j\u00f3venes y, por supuesto, de la voluntad de seguir trabajando en la clarificaci\u00f3n de los retos y oportunidades.<\/p>\n\n\n\n<h4 class=\"has-vivid-cyan-blue-color has-text-color wp-block-heading\"><span style=\"color: #0000ff;\"><strong>Cooperaci\u00f3n territorial<\/strong><\/span><\/h4>\n\n\n\n<p><span style=\"color: #0000ff;\"><strong>Descripci\u00f3n <\/strong><\/span>: En un mundo que est\u00e1 cambiando y reinventando la participaci\u00f3n social, el desarrollo personal y las formas de trabajo, ser capaz de cooperar es una habilidad clave que todo el mundo puede asimilar, a lo largo de la vida. El contexto de la crisis sanitaria fomenta la necesidad de reinvertir los territorios y las j\u00f3venes generaciones.<\/p>\n\n\n\n<p>Muchas personas y estructuras cooperan a escala territorial en las zonas urbanas y rurales, mediante la mutualizaci\u00f3n de medios, eventos colectivos, lugares compartidos, proyectos culturales de colaboraci\u00f3n o redes territoriales que reagrupan a organizaciones de econom\u00eda social y solidaria. Experimentamos enfoques cooperativos para el desarrollo local, que son creativos, evolutivos e innovadores.<\/p>\n\n\n\n<p>\u00bfC\u00f3mo se lleva a cabo la cooperaci\u00f3n territorial? \u00bfQu\u00e9 habilidades, herramientas o metodolog\u00edas son necesarias para implementar o mejorar las pr\u00e1cticas?<\/p>\n\n\n\n<p>Nos proponemos reflexionar juntos sobre estos temas de manera colectiva, sobre la base de las conclusiones anteriores del proyecto AJITeR y en el marco del lanzamiento del proyecto COOPTERR. Este proyecto Erasmus+ reagrupa a seis organizaciones, entre ellas RIPESS Europa y varios miembros de la red (Fekete Sereg, Solidarius Italia, CRIES\u2026) y tiene como objetivo la elaboraci\u00f3n de herramientas y m\u00e9todos para la formaci\u00f3n de las personas sobre la cooperaci\u00f3n territorial, tema clave para el desarrollo local, la diversidad y la convivencia.<\/p>\n\n\n\n<p><span style=\"color: #0000ff;\"><strong>Informe de la reuni\u00f3n de la AG:<\/strong><\/span><\/p>\n\n\n\n<p>El taller fue la ocasi\u00f3n de lanzar el proyecto ERASMUS+ &#8211; COOPTERR Formaci\u00f3n sobre pr\u00e1cticas de cooperaci\u00f3n territorial a trav\u00e9s de la cultura y la ESS &#8211; llevado a cabo por varios miembros de\/y la RIPESS EUROPA (CRIES, FEKETE SEREG, SOLIDARIUS ITALIA, UFISC). Tambi\u00e9n permiti\u00f3 compartir los resultados de un proyecto sobre las zonas rurales y la juventud (AJITeR realizado por la UFISC) que pone de relieve la importancia de la cooperaci\u00f3n territorial local.<\/p>\n\n\n\n<p>Los participantes debatieron la necesidad de la cooperaci\u00f3n territorial, reforzada en el contexto de la crisis actual. Compartieron sus propias experiencias y pr\u00e1cticas en materia de cooperaci\u00f3n territorial y comenzaron a reflexionar sobre las posibles palancas (objetivos claros, formaci\u00f3n, medios\u2026).<\/p>\n\n\n\n<p>Estos diferentes elementos alimentar\u00e1n el proyecto de colaboraci\u00f3n COOPTERR, en t\u00e9rminos de herramientas y metodolog\u00edas necesarias para la cooperaci\u00f3n en un territorio.<\/p>\n","protected":false},"excerpt":{"rendered":"<p>Los siguientes grupos tem\u00e1ticos tuvieron lugar (el 18 de septiembre) durante la reuni\u00f3n en l\u00ednea de la Asamblea General. Toda la informaci\u00f3n sobre los grupos de trabajo se a\u00f1adir\u00e1 aqu\u00ed [&hellip;]<\/p>\n","protected":false},"author":7021,"featured_media":12371,"parent":334817,"menu_order":0,"comment_status":"closed","ping_status":"closed","template":"","meta":{"_et_pb_use_builder":"","_et_pb_old_content":"","_et_gb_content_width":"","footnotes":""},"class_list":["post-20757","page","type-page","status-publish","has-post-thumbnail","hentry"],"_links":{"self":[{"href":"https:\/\/ripess.eu\/es\/wp-json\/wp\/v2\/pages\/20757","targetHints":{"allow":["GET"]}}],"collection":[{"href":"https:\/\/ripess.eu\/es\/wp-json\/wp\/v2\/pages"}],"about":[{"href":"https:\/\/ripess.eu\/es\/wp-json\/wp\/v2\/types\/page"}],"author":[{"embeddable":true,"href":"https:\/\/ripess.eu\/es\/wp-json\/wp\/v2\/users\/7021"}],"replies":[{"embeddable":true,"href":"https:\/\/ripess.eu\/es\/wp-json\/wp\/v2\/comments?post=20757"}],"version-history":[{"count":0,"href":"https:\/\/ripess.eu\/es\/wp-json\/wp\/v2\/pages\/20757\/revisions"}],"up":[{"embeddable":true,"href":"https:\/\/ripess.eu\/es\/wp-json\/wp\/v2\/pages\/334817"}],"wp:featuredmedia":[{"embeddable":true,"href":"https:\/\/ripess.eu\/es\/wp-json\/wp\/v2\/media\/12371"}],"wp:attachment":[{"href":"https:\/\/ripess.eu\/es\/wp-json\/wp\/v2\/media?parent=20757"}],"curies":[{"name":"wp","href":"https:\/\/api.w.org\/{rel}","templated":true}]}}