{"id":6656,"date":"2020-03-23T16:32:48","date_gmt":"2020-03-23T14:32:48","guid":{"rendered":"https:\/\/www.ripess.eu\/?page_id=6656"},"modified":"2020-04-30T16:53:13","modified_gmt":"2020-04-30T14:53:13","slug":"solidarity-responses-to-the-pandemic-crisis","status":"publish","type":"page","link":"https:\/\/ripess.eu\/en\/solidarity-responses-to-the-pandemic-crisis\/","title":{"rendered":"France"},"content":{"rendered":"\n<h2 class=\"wp-block-heading\">France<\/h2>\n\n\n\n<p style=\"background-color:#f7f498\" class=\"has-background\"> We are collecting here<strong> messages, articles, stories and references of Solidarity economy initiatives in response to the Covid19 pandemic crisis<\/strong> and its consequences all over Europe, to share and exchange experiences and efforts from member networks and other organisations. <strong>If you wish to contribute, please write to : <a rel=\"noreferrer noopener\" href=\"mailto:info@ripess.eu\" target=\"_blank\">info@ripess.eu<\/a> <\/strong><\/p>\n\n\n\n<p class=\"has-background has-very-light-gray-background-color\"><strong>Message from Jason Nardi, General Delegate of RIPESS Europe<\/strong> : <\/p>\n\n\n\n<p><em>&#8220;Never as today can we say we&#8217;re all in the same boat in a stormy sea. <strong>The Corona virus pandemic crisis is spreading rapidly throughout the world, with an impact that is in many ways unpredictable and without discrimination, <\/strong>although unfortunately it is always the most vulnerable people who suffer the most. The climate and environmental crisis is also global, but it affects us in different ways. The sum of the two and the economic and social consequences that are already occurring and looming ahead are potentially enormous.<\/em>&#8220;<\/p>\n\n\n\n<div class=\"wp-block-button\"><a class=\"wp-block-button__link has-background has-luminous-vivid-amber-background-color\">Read full article<\/a><\/div>\n\n\n\n<p><\/p>\n\n\n\n<p class=\"has-background has-very-light-gray-background-color\"><strong>Extract from the letter by Nicolas Schmit, Commissioner for Employment and Social Rights (European Commission) to the French government<\/strong><\/p>\n\n\n\n<p><em>&#8220;The COVID-19 pandemic has caused a deep crisis. The extent of its consequences affect not only health, but also the economy and society more generally. We need to fight this crisis effectively in order to avoid any risk of further divergence, which would undermine social cohesion and ultimately present a risk for our democracies and for the European project.<\/em><\/p>\n\n\n\n<p><em>This crisis therefore calls for a strong response, leading to solid economic and social progress. More than ever, we must pursue the objective of combating inequalities and put in place an inclusive and resilient economic and social model, based on the values of cooperation, solidarity and responsibility, that is to say, on an economy at the service of human beings.<\/em><\/p>\n\n\n\n<p><em>[&#8230;] In conclusion, I urge you to ensure that social economy organisations have the necessary means and support to fully play their crucial role in managing and resolving the current crisis.<br>The social economy has unique assets to help us jointly address the health and social dimensions of the crisis and to help us emerge from it with an inclusive, sustainable and resilient economic and social model.&#8221;<\/em><\/p>\n\n\n\n<p><\/p>\n\n\n\n<p class=\"has-background has-very-light-gray-background-color\"><strong>Contribution of the Movement for the Solidarity Economy France to the end of the crisis COVID-19<\/strong><\/p>\n\n\n\n<p><em>This contribution from the Board of Directors of the Mouvement pour l&#8217;Economie Solidaire France was written by Patricia Colers (UFISC) and Josette Combes, Co-Presidents of MES France, B\u00e9r\u00e9nice Dondeyne, MES Occitanie, Luc de Larminat (Opale, CNAR Culture), Alexane H\u00e9r\u00e9dia (administrator) and Bruno Lasnier (national delegate), in response to the referral to the SSE High Council by the High Commissioner for SSE and Social Innovation to prepare the SSE crisis recovery plan COVID-19.<\/em><\/p>\n\n\n\n<div class=\"wp-block-image\"><figure class=\"aligncenter size-large is-resized\"><img loading=\"lazy\" decoding=\"async\" src=\"https:\/\/europe.ripess.rio20.net\/wp-content\/uploads\/sites\/4\/2020\/04\/logo_avec_texte-MES.png\" alt=\"\" class=\"wp-image-6850\" width=\"364\" height=\"242\" srcset=\"https:\/\/ripess.eu\/wp-content\/uploads\/sites\/4\/2020\/04\/logo_avec_texte-MES.png 542w, https:\/\/ripess.eu\/wp-content\/uploads\/sites\/4\/2020\/04\/logo_avec_texte-MES-300x199.png 300w\" sizes=\"(max-width: 364px) 100vw, 364px\" \/><\/figure><\/div>\n\n\n\n<p><em><strong>The crisis generated by the COVID-19 pandemic drastically questions our socio-economic models and shatters the illusions of infinite growth, in the capacity to prevent such a health catastrophe as well as to take care of society here and now. <\/strong>On the contrary, this pandemic is increasingly revealing social inequalities, the inadequacy of public infrastructures to meet basic needs, and the weakness of public policies based on budgetary restrictions and not on the interests of all. At times of major economic and social crises, the question of the general interest always arises in a fundamental way.<\/em><\/p>\n\n\n\n<p><em>The responses are multiple and in their deployment, the social\/solidarity-based economy has an important place to play as a model of society, but with the requirement that the State fully assumes its responsibilities as guarantor of the general interest. The following proposals go in this direction: they combine public responsibility, the involvement of civil society and an orientation towards an economy committed to an ecological transition, i.e. a crisis resolution, bearing solutions for a common, more just and solidarity-based future.<\/em><\/p>\n\n\n\n<p><em>The Mouvement pour l&#8217;Economie Solidaire (Movement for a Solidarity Economy) is today sending a series of 19 proposals to the public authorities, organised around 3 main themes :<\/em><\/p>\n\n\n\n<ul class=\"wp-block-list\"><li><strong><em>\u2013 emergency measures for SSE structures,<\/em><\/strong><\/li><li><strong><em>\u2013 strengthening social protections and human rights<\/em><\/strong><\/li><li><strong><em>\u2013 towards an ecological and solidarity-based transition.<\/em><\/strong><\/li><\/ul>\n\n\n\n<div class=\"wp-block-buttons is-layout-flex wp-block-buttons-is-layout-flex\">\n<div class=\"wp-block-button\"><a class=\"wp-block-button__link has-background has-luminous-vivid-amber-background-color\" href=\"http:\/\/www.le-mes.org\/Contribution-du-Mouvement-pour-l-Economie-Solidaire-France-a-la-sortie-de-crise.html\" target=\"_blank\" rel=\"noreferrer noopener\">Read more (in French)<\/a><\/div>\n<\/div>\n\n\n\n<p><\/p>\n\n\n\n<p class=\"has-background has-very-light-gray-background-color\"><strong>COVID-19 CRISIS: EDITORIAL BY MAHEL COPPEY, PRESIDENT OF THE RTES<\/strong> <strong>(French Network of Local Authorities for a Solidarity Economy)<\/strong><\/p>\n\n\n\n<div class=\"wp-block-image\"><figure class=\"aligncenter size-large is-resized\"><img loading=\"lazy\" decoding=\"async\" src=\"https:\/\/europe.ripess.rio20.net\/wp-content\/uploads\/sites\/4\/2014\/05\/rtes_logo.png\" alt=\"RTES\" class=\"wp-image-1649\" width=\"402\" height=\"172\"\/><\/figure><\/div>\n\n\n\n<p>&#8220;<strong><em>Beyond the urgency, however, we must not refrain from taking a step back and taking the time, especially now to consider, to reinvent the future. What will be the main lessons of the Coronavirus crisis?<\/em><\/strong><\/p>\n\n\n\n<p><em>The first lesson is that in this ordeal we now know that it is possible, in a few weeks, to simultaneously suspend simultaneously and everywhere in the world an economic system that we were told until now was impossible to slow down or to redirect, despite a more or less general consensus on the changes needed in the light of the climate challenges.<\/em><\/p>\n\n\n\n<p><em><strong>Would the electroshock of Covid-19 finally be beneficial?<\/strong> In any case, it would force us to go back to our fundamentals, to understand that we are in the process of changing era, and that we cannot continue our lifestyles without linking them to the limit of the planet&#8217;s resources and the climatic and environmental challenge. The time for waste and hoarding is over.<\/em><\/p>\n\n\n\n<p><em>I hope that this crisis will finally convince us all of the<strong> absurdity of a past and outdated world<\/strong>. A world that continues to deplete the workers and the resources of the planet. Bruno Latour tells us, &#8220;This pandemic, by the void it creates, offers us the opportunity to land, to reflect on the healing of the world and to bring about that which is not yet proven. In the losses it generates and the abyss (social, economic, financial, etc.) it creates are the conditions for a profound renewal. \u00bb<\/em><\/p>\n\n\n\n<p><em>The last thing to do would therefore be to start all over again as before\u2026 no, it wasn&#8217;t &#8220;better before&#8221;.<\/em><\/p>\n\n\n\n<p><em>Let&#8217;s take the time in this emergency, let&#8217;s take advantage of the confinement to re-examine everything, our eating habits, our production methods, and the overflow of our consumer societies. <strong>The project is huge and exciting. It is a question of writing the rest of the world together.<\/strong><\/em><\/p>\n\n\n\n<p><strong><em>The good news is that this &#8220;continuation of the world&#8221; has already started and has been going on for a long time with the social and solidarity economy. The questions of social and ecological utility are at the heart of the SSE.&#8221;<\/em><\/strong><\/p>\n\n\n\n<div class=\"wp-block-buttons aligncenter is-layout-flex wp-block-buttons-is-layout-flex\">\n<div class=\"wp-block-button\"><a class=\"wp-block-button__link has-background has-luminous-vivid-amber-background-color\" href=\"https:\/\/www.rtes.fr\/crise-du-covid-19-edito-de-mahel-coppey-presidente-du-rtes?utm_medium=email&amp;utm_campaign=Newsletter%20RTES%20-%20Avril%202020&amp;utm_content=Newsletter%20RTES%20-%20Avril%202020+CID_38178162fa3a480323f998ddfc5ebde3&amp;utm_source=Newsletter%20RTES&amp;utm_term=n%20savoir%20plus\" target=\"_blank\" rel=\"noreferrer noopener\">Read more (in French)<\/a><\/div>\n<\/div>\n\n\n\n<p><\/p>\n\n\n\n<p class=\"has-background has-very-light-gray-background-color\"><strong>The world of &#8220;After Tomorrow&#8221; by Jean-Louis Laville and Mich\u00e8le Riot-Sarcey<\/strong><\/p>\n\n\n\n<p><em>&#8220;A symptom of dysfunctions of all kinds, due to the excessive exploitation of nature and human beings, the current pandemic is serious enough to prompt us to reflect collectively on the future of societies. Throughout the world, recent uprisings have reflected growing exasperation, while the alerts of scientists, with their calls for civil disobedience, have shown the urgency of global change.<\/em><\/p>\n\n\n\n<p><em>In Europe, despite the denunciations of employees, long and repeated strikes, despite the counter-proposals of trade unions, doctors and nurses, despite the threats of resignations from various leaders, the fight against the policies of dismantling public services has been lost. All these realistic demands, however, have come up against a refusal by the authorities, in the name of international competition. And rather than public debate, the governments of most countries have chosen to repress protest movements.&#8221;<\/em><\/p>\n\n\n\n<div class=\"wp-block-buttons is-layout-flex wp-block-buttons-is-layout-flex\">\n<div class=\"wp-block-button\"><a class=\"wp-block-button__link has-background has-luminous-vivid-amber-background-color\" href=\"https:\/\/blogs.alternatives-economiques.fr\/laville\/2020\/04\/09\/le-monde-d-apres-demain\" target=\"_blank\" rel=\"noreferrer noopener\">Read more (in French)<\/a><\/div>\n<\/div>\n\n\n\n<p><\/p>\n\n\n\n<p class=\"has-background has-very-light-gray-background-color\"><strong>R\u00e9serve civique &#8211; Faced with the Covid-19 epidemic, the French Government calls for the general mobilization of solidarity.<\/strong><\/p>\n\n\n\n<div class=\"wp-block-image\"><figure class=\"aligncenter size-large is-resized\"><img loading=\"lazy\" decoding=\"async\" src=\"https:\/\/europe.ripess.rio20.net\/wp-content\/uploads\/sites\/4\/2020\/03\/reserve-civique-je-veux-aider.jpg\" alt=\"\" class=\"wp-image-6681\" width=\"357\" height=\"170\" srcset=\"https:\/\/ripess.eu\/wp-content\/uploads\/sites\/4\/2020\/03\/reserve-civique-je-veux-aider.jpg 533w, https:\/\/ripess.eu\/wp-content\/uploads\/sites\/4\/2020\/03\/reserve-civique-je-veux-aider-300x142.jpg 300w, https:\/\/ripess.eu\/wp-content\/uploads\/sites\/4\/2020\/03\/reserve-civique-je-veux-aider-420x200.jpg 420w\" sizes=\"(max-width: 357px) 100vw, 357px\" \/><\/figure><\/div>\n\n\n\n<p><em>&#8220;This space of commitment is open to all. Whether you are a volunteer at heart, or have always been used to associative missions. Or if you want to give a little time and energy for the first time. Because this health war is unprecedented, because it concerns us all and because we want to win it.&#8221; Together. #jeveuxaider&#8221; <\/em><\/p>\n\n\n\n<div class=\"wp-block-button\"><a class=\"wp-block-button__link has-background has-luminous-vivid-amber-background-color\" href=\"https:\/\/covid19.reserve-civique.gouv.fr\/\">Want to learn more (in French)<\/a><\/div>\n\n\n\n<p><\/p>\n\n\n\n<p class=\"has-background has-very-light-gray-background-color\"><strong>Press release from MIRAMAP, the inter-regional movement of French AMAPs<\/strong><\/p>\n\n\n\n<div class=\"wp-block-image\"><figure class=\"aligncenter size-large is-resized\"><img loading=\"lazy\" decoding=\"async\" src=\"https:\/\/europe.ripess.rio20.net\/wp-content\/uploads\/sites\/4\/2020\/03\/miramap-logo-1024x495.jpg\" alt=\"\" class=\"wp-image-6688\" width=\"289\" height=\"138\"\/><\/figure><\/div>\n\n\n\n<p><em>&#8220;The health crisis and the confinement that we are going through are currently prompting us all to question the meaning of life, the relationship to work, our basic needs, including our food.<br> We realize that our globalized economic, agricultural, food and leisure systems are leading us into growing insecurity. In times of crisis, everyone feels the need for security; returning to a local scale, understandable by all, could make this possible.<br> The AMAP system restores meaning to our disoriented lives. It has spread quickly because it is open to others, creative, supportive and collective.&#8221;<\/em><\/p>\n\n\n\n<div class=\"wp-block-button\"><a class=\"wp-block-button__link has-background has-luminous-vivid-amber-background-color\" href=\"http:\/\/miramap.org\/Communique-de-presse-du-MIRAMAP-Traverser-la-crise-et-construire-un-avenir-avec.html\">Read more (in French)<\/a><\/div>\n\n\n\n<p><\/p>\n\n\n\n<p class=\"has-background has-very-light-gray-background-color\"><strong>Covid-entraide France &#8211; To face the pandemic crisis, let&#8217;s turn the &#8220;shock strategy&#8221; upside down with a wave of solidarity!<\/strong><\/p>\n\n\n\n<div class=\"wp-block-image\"><figure class=\"aligncenter size-large is-resized\"><img loading=\"lazy\" decoding=\"async\" src=\"https:\/\/europe.ripess.rio20.net\/wp-content\/uploads\/sites\/4\/2020\/03\/covid-entraide-france.png\" alt=\"\" class=\"wp-image-6694\" width=\"272\" height=\"290\" srcset=\"https:\/\/ripess.eu\/wp-content\/uploads\/sites\/4\/2020\/03\/covid-entraide-france.png 511w, https:\/\/ripess.eu\/wp-content\/uploads\/sites\/4\/2020\/03\/covid-entraide-france-282x300.png 282w\" sizes=\"(max-width: 272px) 100vw, 272px\" \/><\/figure><\/div>\n\n\n\n<p>&#8220;<em>In the last week, France has entered a dizzying new reality. Covid-19 is no longer a &#8220;little flu&#8221;, according to our rulers, but the &#8220;worst health crisis in a century&#8221;. An intimate shock that makes us tremble for our loved ones and all those who are particularly fragile. A geopolitical jolt that makes neo-liberal globalization collapse like a house of cards. 2019 had been a year of devastating fires in Australia, the Amazon and elsewhere, and huge popular uprisings. 2020 already has the features of total paralysis, a major systemic crisis.<\/em>&#8220;<\/p>\n\n\n\n<div class=\"wp-block-button\"><a class=\"wp-block-button__link has-background has-luminous-vivid-amber-background-color\" href=\"https:\/\/covid-entraide.fr\/\">#Covid-entraide France<\/a><\/div>\n\n\n\n<p><\/p>\n\n\n\n<p class=\"has-background has-very-light-gray-background-color\"><strong>The SSE Lab &#8211; Living and resisting<\/strong><\/p>\n\n\n\n<div class=\"wp-block-image\"><figure class=\"aligncenter size-large is-resized\"><img loading=\"lazy\" decoding=\"async\" src=\"https:\/\/europe.ripess.rio20.net\/wp-content\/uploads\/sites\/4\/2020\/03\/LOGO_LABO-ESS.jpg\" alt=\"\" class=\"wp-image-6697\" width=\"284\" height=\"214\" srcset=\"https:\/\/ripess.eu\/wp-content\/uploads\/sites\/4\/2020\/03\/LOGO_LABO-ESS.jpg 650w, https:\/\/ripess.eu\/wp-content\/uploads\/sites\/4\/2020\/03\/LOGO_LABO-ESS-300x227.jpg 300w\" sizes=\"(max-width: 284px) 100vw, 284px\" \/><\/figure><\/div>\n\n\n\n<p><em>&#8220;In the post-Coronavirus era, we, SSE, and actors of transformations, will have the legitimacy of those who have long questioned hyper-financialization, hyper-consumption, hyper-competition, unregulated globalization, etc.&#8221;. <strong>Our duty tomorrow will not be to say &#8220;we were right, we told you so&#8221;, but to answer present on the ways and means to do otherwise.&#8221;<\/strong><\/em><\/p>\n\n\n\n<div class=\"wp-block-button\"><a class=\"wp-block-button__link has-background has-luminous-vivid-amber-background-color\" href=\"http:\/\/www.lelabo-ess.org\/vivre-et-resister-1.html\">Read more (in French)<\/a><\/div>\n\n\n\n<p><\/p>\n\n\n\n<p class=\"has-background has-very-light-gray-background-color\"><strong>Message from UFISC, Union F\u00e9d\u00e9rale d&#8217;Intervention des Structures Culturelles: Mobilization and cooperation &#8211; art and culture against Covid-19<\/strong><\/p>\n\n\n\n<div class=\"wp-block-image\"><figure class=\"aligncenter size-large is-resized\"><img loading=\"lazy\" decoding=\"async\" src=\"https:\/\/europe.ripess.rio20.net\/wp-content\/uploads\/sites\/4\/2020\/04\/ufisc-400x300-1.jpg\" alt=\"\" class=\"wp-image-6781\" width=\"270\" height=\"202\" srcset=\"https:\/\/ripess.eu\/wp-content\/uploads\/sites\/4\/2020\/04\/ufisc-400x300-1.jpg 400w, https:\/\/ripess.eu\/wp-content\/uploads\/sites\/4\/2020\/04\/ufisc-400x300-1-300x225.jpg 300w\" sizes=\"(max-width: 270px) 100vw, 270px\" \/><\/figure><\/div>\n\n\n\n<p><em>&#8220;The exceptional nature of the crisis we are experiencing, its scale, the uncertainties and distress it engenders, the considerable impact in the short but also medium term, commit each of us to work collectively, making solidarity the cornerstone of our commitments. While the disparity of situations calls for a benevolent and concerted search for solutions adapted to individual cases, these solutions cannot, however, avoid a systemic and coherent vision. We reaffirm that it is collectively and in synergy that we will be able to ensure the protection of the social rights of professionals as well as of all the activities of creative, production and distribution structures. Solidarity cannot be an option.&#8221;<\/em><\/p>\n\n\n\n<div class=\"wp-block-button\"><a class=\"wp-block-button__link has-background has-luminous-vivid-amber-background-color\" href=\"http:\/\/www.ufisc.org\/images\/2020\/CORONAVIRUS\/200327_MOBILISATION_ARTCULTURE_CP3.pdf\">Read more (in French)<\/a><\/div>\n\n\n\n<p><\/p>\n\n\n\n<p class=\"has-background has-very-light-gray-background-color\"><strong>The unbearable lightness of capitalism towards our health, by Eva Illouz<\/strong><\/p>\n\n\n\n<div class=\"wp-block-image\"><figure class=\"aligncenter size-large is-resized\"><img loading=\"lazy\" decoding=\"async\" src=\"https:\/\/europe.ripess.rio20.net\/wp-content\/uploads\/sites\/4\/2020\/04\/eva_illouz-762x1024.jpg\" alt=\"\" class=\"wp-image-6787\" width=\"259\" height=\"348\" srcset=\"https:\/\/ripess.eu\/wp-content\/uploads\/sites\/4\/2020\/04\/eva_illouz-762x1024.jpg 762w, https:\/\/ripess.eu\/wp-content\/uploads\/sites\/4\/2020\/04\/eva_illouz-223x300.jpg 223w, https:\/\/ripess.eu\/wp-content\/uploads\/sites\/4\/2020\/04\/eva_illouz-768x1032.jpg 768w, https:\/\/ripess.eu\/wp-content\/uploads\/sites\/4\/2020\/04\/eva_illouz.jpg 893w\" sizes=\"(max-width: 259px) 100vw, 259px\" \/><figcaption>Eva Illouz, intellectuelle et universitaire isra\u00e9lienne sp\u00e9cialis\u00e9e dans la sociologie des sentiments et de la culture, photographi\u00e9e le 13 janvier 2019 \u00e0 Paris par Mathieu Zazzo<\/figcaption><\/figure><\/div>\n\n\n\n<p><em>(Eva Illouz, Israeli intellectual and academic specializing in the sociology of feelings and culture, photographed on January 13, 2019 in Paris by Mathieu Zazzo.)<\/em><\/p>\n\n\n\n<p><em>TRIBUNE. In this brilliant text, which underlines the close link between health and the economy, the great French-Israeli sociologist analyses the global coronavirus crisis. She denounces the &#8220;imposture&#8221; of neo-liberalism which, by depriving the State of its resources, has sacrificed the world on which it feeds.<\/em><\/p>\n\n\n\n<p><em>&#8220;The coronavirus is a planetary event of a magnitude that we are struggling to grasp, not only because of its global scale, not only because of the rapidity of the contamination, but also because institutions whose colossal power we had never questioned were brought to their knees in the space of a few weeks. The archaic world of devastating epidemics suddenly erupted into the sanitized and advanced world of nuclear power, laser surgery and virtual technology. Even in times of war, underground cinemas and bars continued to operate, but here the bustling cities of Europe we love have become sinister ghost towns, their inhabitants forced to hole up in their homes. As Albert Camus wrote in &#8220;The Plague&#8221;, &#8220;all these changes, in a sense, were so extraordinary and so quickly accomplished, that it was not easy to consider them normal and lasting. \u00bb<\/em>&#8220;<\/p>\n\n\n\n<div class=\"wp-block-button\"><a class=\"wp-block-button__link has-background has-luminous-vivid-amber-background-color\" href=\"https:\/\/www.nouvelobs.com\/idees\/20200323.OBS26443\/l-insoutenable-legerete-du-capitalisme-vis-a-vis-de-notre-sante-par-eva-illouz.html\">Read more (in French)<\/a><\/div>\n\n\n\n<p><\/p>\n\n\n\n<p class=\"has-background has-very-light-gray-background-color\"><strong>Call for referencing of COVID-19 initiatives by the <a href=\"https:\/\/www.carrefourdesinnovationssociales.fr\/fr\" target=\"_blank\" rel=\"noreferrer noopener\" aria-label=\"Hub for Social Innovations (France) (s\u2019ouvre dans un nouvel onglet)\">Hub for Social Innovations (France)<\/a><\/strong><\/p>\n\n\n\n<div class=\"wp-block-image\"><figure class=\"aligncenter size-large\"><img loading=\"lazy\" decoding=\"async\" width=\"1024\" height=\"538\" src=\"https:\/\/europe.ripess.rio20.net\/wp-content\/uploads\/sites\/4\/2020\/04\/bandeau-logos_3-1024x538.jpg\" alt=\"\" class=\"wp-image-6847\"\/><\/figure><\/div>\n\n\n\n<p class=\"has-background has-very-light-gray-background-color\"><strong>Territories committed : #AllMobilized against coronavirus<\/strong><\/p>\n\n\n\n<p> <em>&#8220;In response to the COVID-19 crisis, our community of the Carrefour des innovations sociales is committed to developing mutual aid within the framework of the <strong><a href=\"https:\/\/www.cohesion-territoires.gouv.fr\/territoires-engages-tousmobilises-contre-le-coronavirus\" target=\"_blank\" rel=\"noreferrer noopener\" aria-label=\"Territoires Engag\u00e9s (s\u2019ouvre dans un nouvel onglet)\">Territoires Engag\u00e9s<\/a><\/strong> program. Throughout France, local authorities, associations and companies are innovating and mobilising to meet the needs of territories, provide aid to fragile populations and fight together against the coronavirus. The need for referencing initiatives has never been greater. Let us participate together in this great chain of solidarity. Let&#8217;s facilitate the spreading and dissemination of good practices.&#8221;<\/em><\/p>\n\n\n\n<p class=\"has-background has-very-light-gray-background-color\"><strong>Information COVID-19 and Questionnaire of the Mouvement pour l&#8217;Economie Solidaire (MES France)<\/strong><\/p>\n\n\n\n<div class=\"wp-block-image\"><figure class=\"aligncenter size-large is-resized\"><img loading=\"lazy\" decoding=\"async\" src=\"https:\/\/europe.ripess.rio20.net\/wp-content\/uploads\/sites\/4\/2020\/04\/logo_avec_texte-MES.png\" alt=\"\" class=\"wp-image-6850\" width=\"498\" height=\"331\" srcset=\"https:\/\/ripess.eu\/wp-content\/uploads\/sites\/4\/2020\/04\/logo_avec_texte-MES.png 542w, https:\/\/ripess.eu\/wp-content\/uploads\/sites\/4\/2020\/04\/logo_avec_texte-MES-300x199.png 300w\" sizes=\"(max-width: 498px) 100vw, 498px\" \/><\/figure><\/div>\n\n\n\n<p><em>&#8220;Members and companies of the Solidarity Economy, the crisis of the COVID-19 leads us to solicit you to evaluate the problems and needs that you are currently encountering. Thank you for filling out our online questionnaire :<br><strong><a rel=\"noreferrer noopener\" aria-label=\"Questionnaire COVID-19 Mouvement pour l'Economie Solidaire (s\u2019ouvre dans un nouvel onglet)\" href=\"https:\/\/framaforms.org\/questionnaire-covid-19-mouvement-pour-leconomie-solidaire-1585663384\" target=\"_blank\">Questionnaire COVID-19 Mouvement pour l&#8217;Economie Solidaire<\/a><\/strong> (in French &#8211; Movement for Solidarity Economy)<\/em><\/p>\n\n\n\n<p><em>This questionnaire is also an opportunity to send us your proposals, ideas and innovations for organising more resilient and robust systems of cooperation and solidarity in your territories&#8221;.<\/em><\/p>\n\n\n\n<p><\/p>\n\n\n\n<p><\/p>\n\n\n\n<p class=\"has-background has-very-light-gray-background-color\"><strong>&#8230;More to come!<\/strong><\/p>\n","protected":false},"excerpt":{"rendered":"<p>France We are collecting here messages, articles, stories and references of Solidarity economy initiatives in response to the Covid19 pandemic crisis and its consequences all over Europe, to share and [&hellip;]<\/p>\n","protected":false},"author":7618,"featured_media":6684,"parent":0,"menu_order":0,"comment_status":"closed","ping_status":"closed","template":"","meta":{"_et_pb_use_builder":"","_et_pb_old_content":"","_et_gb_content_width":"","footnotes":""},"class_list":["post-6656","page","type-page","status-publish","has-post-thumbnail","hentry"],"_links":{"self":[{"href":"https:\/\/ripess.eu\/en\/wp-json\/wp\/v2\/pages\/6656","targetHints":{"allow":["GET"]}}],"collection":[{"href":"https:\/\/ripess.eu\/en\/wp-json\/wp\/v2\/pages"}],"about":[{"href":"https:\/\/ripess.eu\/en\/wp-json\/wp\/v2\/types\/page"}],"author":[{"embeddable":true,"href":"https:\/\/ripess.eu\/en\/wp-json\/wp\/v2\/users\/7618"}],"replies":[{"embeddable":true,"href":"https:\/\/ripess.eu\/en\/wp-json\/wp\/v2\/comments?post=6656"}],"version-history":[{"count":0,"href":"https:\/\/ripess.eu\/en\/wp-json\/wp\/v2\/pages\/6656\/revisions"}],"wp:featuredmedia":[{"embeddable":true,"href":"https:\/\/ripess.eu\/en\/wp-json\/wp\/v2\/media\/6684"}],"wp:attachment":[{"href":"https:\/\/ripess.eu\/en\/wp-json\/wp\/v2\/media?parent=6656"}],"curies":[{"name":"wp","href":"https:\/\/api.w.org\/{rel}","templated":true}]}}