{"id":25308,"date":"2021-06-10T16:08:04","date_gmt":"2021-06-10T14:08:04","guid":{"rendered":"https:\/\/ripess.eu\/?page_id=25308"},"modified":"2025-05-28T10:16:33","modified_gmt":"2025-05-28T08:16:33","slug":"10th-general-assembly-villarceaux-paris-2021","status":"publish","type":"page","link":"https:\/\/ripess.eu\/en\/activities\/general-assemblies-3\/10th-general-assembly-villarceaux-paris-2021\/","title":{"rendered":"10th General Assembly &#8211; Villarceaux (Paris) 2021"},"content":{"rendered":"<p>[et_pb_section fb_built=&#8221;1&#8243; admin_label=&#8221;section&#8221; _builder_version=&#8221;4.23.1&#8243; custom_margin=&#8221;1px||1px||false|false&#8221; custom_padding=&#8221;1px||1px||false|false&#8221; locked=&#8221;off&#8221; global_colors_info=&#8221;{}&#8221;][et_pb_row _builder_version=&#8221;4.24.0&#8243; _module_preset=&#8221;default&#8221; locked=&#8221;off&#8221; global_colors_info=&#8221;{}&#8221;][et_pb_column type=&#8221;4_4&#8243; _builder_version=&#8221;4.24.0&#8243; _module_preset=&#8221;default&#8221; global_colors_info=&#8221;{}&#8221;][et_pb_image src=&#8221;https:\/\/ripess.eu\/wp-content\/uploads\/sites\/4\/2024\/02\/10th-ga.jpg&#8221; title_text=&#8221;10th ga&#8221; _builder_version=&#8221;4.24.0&#8243; _module_preset=&#8221;default&#8221; global_colors_info=&#8221;{}&#8221;][\/et_pb_image][\/et_pb_column][\/et_pb_row][et_pb_row column_structure=&#8221;1_3,2_3&#8243; _builder_version=&#8221;4.24.0&#8243; _module_preset=&#8221;default&#8221; locked=&#8221;off&#8221; global_colors_info=&#8221;{}&#8221;][et_pb_column type=&#8221;1_3&#8243; _builder_version=&#8221;4.24.0&#8243; _module_preset=&#8221;default&#8221; global_colors_info=&#8221;{}&#8221;][et_pb_heading title=&#8221;Description&#8221; _builder_version=&#8221;4.24.0&#8243; _module_preset=&#8221;default&#8221; title_font=&#8221;|700|||||||&#8221; title_text_color=&#8221;#E02B20&#8243; title_font_size=&#8221;18px&#8221; global_colors_info=&#8221;{}&#8221;][\/et_pb_heading][\/et_pb_column][et_pb_column type=&#8221;2_3&#8243; _builder_version=&#8221;4.24.0&#8243; _module_preset=&#8221;default&#8221; global_colors_info=&#8221;{}&#8221;][et_pb_text _builder_version=&#8221;4.24.0&#8243; _module_preset=&#8221;default&#8221; global_colors_info=&#8221;{}&#8221;]<\/p>\n<p>The 10th Congress and General Assembly (GA) of RIPESS Europe was held from the 7th to 10th of September 2021 at La Bergerie de Villarceaux. This GA was the opportunity to meet again and celebrate the 10th Anniversary of the network in a convivial atmosphere and to continue planning together following the Strategic orientations approved in September 2020. The meeting focused on the development and the empowerement of the European network 10 years from its foundation.<\/p>\n<p>[\/et_pb_text][\/et_pb_column][\/et_pb_row][et_pb_row column_structure=&#8221;1_3,2_3&#8243; _builder_version=&#8221;4.24.0&#8243; _module_preset=&#8221;default&#8221; locked=&#8221;off&#8221; global_colors_info=&#8221;{}&#8221;][et_pb_column type=&#8221;1_3&#8243; _builder_version=&#8221;4.24.0&#8243; _module_preset=&#8221;default&#8221; global_colors_info=&#8221;{}&#8221;][et_pb_heading title=&#8221;Participation&#8221; _builder_version=&#8221;4.24.0&#8243; _module_preset=&#8221;default&#8221; title_level=&#8221;h2&#8243; title_font=&#8221;|700|||||||&#8221; title_text_color=&#8221;#E02B20&#8243; title_font_size=&#8221;18px&#8221; global_colors_info=&#8221;{}&#8221;][\/et_pb_heading][\/et_pb_column][et_pb_column type=&#8221;2_3&#8243; _builder_version=&#8221;4.24.0&#8243; _module_preset=&#8221;default&#8221; global_colors_info=&#8221;{}&#8221;][et_pb_tabs _builder_version=&#8221;4.24.0&#8243; _module_preset=&#8221;default&#8221; global_colors_info=&#8221;{}&#8221;][et_pb_tab title=&#8221;Members &#8221; _builder_version=&#8221;4.24.0&#8243; _module_preset=&#8221;default&#8221; global_colors_info=&#8221;{}&#8221;]<\/p>\n<p>28<\/p>\n<p>[\/et_pb_tab][et_pb_tab title=&#8221;New Members&#8221; _builder_version=&#8221;4.24.0&#8243; _module_preset=&#8221;default&#8221; global_colors_info=&#8221;{}&#8221;]<\/p>\n<ol>\n<li>Verein f\u00fcr Solidar\u00f6konomie (VS\u00d6K), Austria<\/li>\n<li>SOLID Network, Ireland<\/li>\n<li>Chambre de l\u2019\u00e9conomie sociale et solidaire &#8211; APRES-VD, Switzerland<\/li>\n<\/ol>\n<p>[\/et_pb_tab][\/et_pb_tabs][\/et_pb_column][\/et_pb_row][et_pb_row column_structure=&#8221;1_3,2_3&#8243; _builder_version=&#8221;4.24.0&#8243; _module_preset=&#8221;default&#8221; locked=&#8221;off&#8221; global_colors_info=&#8221;{}&#8221;][et_pb_column type=&#8221;1_3&#8243; _builder_version=&#8221;4.24.0&#8243; _module_preset=&#8221;default&#8221; global_colors_info=&#8221;{}&#8221;][et_pb_heading title=&#8221;GA Report&#8221; _builder_version=&#8221;4.24.0&#8243; _module_preset=&#8221;default&#8221; title_level=&#8221;h2&#8243; title_font=&#8221;|700|||||||&#8221; title_text_color=&#8221;#E02B20&#8243; title_font_size=&#8221;18px&#8221; global_colors_info=&#8221;{}&#8221;][\/et_pb_heading][\/et_pb_column][et_pb_column type=&#8221;2_3&#8243; _builder_version=&#8221;4.24.0&#8243; _module_preset=&#8221;default&#8221; global_colors_info=&#8221;{}&#8221;][et_pb_text _builder_version=&#8221;4.24.0&#8243; _module_preset=&#8221;default&#8221; global_colors_info=&#8221;{}&#8221;]<\/p>\n<ul>\n<li><strong>\u00a0 GA Report 2021<\/strong><\/li>\n<\/ul>\n<p>[\/et_pb_text][\/et_pb_column][\/et_pb_row][et_pb_row column_structure=&#8221;1_3,2_3&#8243; _builder_version=&#8221;4.24.0&#8243; _module_preset=&#8221;default&#8221; locked=&#8221;off&#8221; global_colors_info=&#8221;{}&#8221;][et_pb_column type=&#8221;1_3&#8243; _builder_version=&#8221;4.24.0&#8243; _module_preset=&#8221;default&#8221; global_colors_info=&#8221;{}&#8221;][et_pb_heading title=&#8221;Additional Documents&#8221; _builder_version=&#8221;4.24.0&#8243; _module_preset=&#8221;default&#8221; title_font=&#8221;|700|||||||&#8221; title_text_color=&#8221;#E02B20&#8243; title_font_size=&#8221;18px&#8221; global_colors_info=&#8221;{}&#8221;][\/et_pb_heading][\/et_pb_column][et_pb_column type=&#8221;2_3&#8243; _builder_version=&#8221;4.24.0&#8243; _module_preset=&#8221;default&#8221; global_colors_info=&#8221;{}&#8221;][et_pb_text _builder_version=&#8221;4.24.1&#8243; _module_preset=&#8221;default&#8221; link_option_url=&#8221;https:\/\/ripess.eu\/wp-content\/uploads\/sites\/4\/2016\/07\/GA2016-RIPESSEU_report_EN.pdf&#8221; global_colors_info=&#8221;{}&#8221;]<\/p>\n<ul>\n<li><a href=\"https:\/\/ripess.eu\/wp-content\/uploads\/sites\/4\/2024\/02\/RIPESSEU_Activity_report_2020_en.pdf\"> <strong>Ripess EU Actvity Report 2020<\/strong><\/a><\/li>\n<li><a href=\"https:\/\/ripess.eu\/wp-content\/uploads\/sites\/4\/2020\/09\/RIPESSEU_strategic_orientations_2021-2023_EN_reviewed_jh-17-09.pdf\"><strong>RIPESSEU Strategic Orientations 2021-2023<\/strong><\/a><\/li>\n<\/ul>\n<p>[\/et_pb_text][\/et_pb_column][\/et_pb_row][et_pb_row _builder_version=&#8221;4.23.1&#8243; _module_preset=&#8221;default&#8221; global_colors_info=&#8221;{}&#8221;][et_pb_column type=&#8221;4_4&#8243; _builder_version=&#8221;4.23.1&#8243; _module_preset=&#8221;default&#8221; global_colors_info=&#8221;{}&#8221;][et_pb_divider color=&#8221;#E02B20&#8243; _builder_version=&#8221;4.24.0&#8243; _module_preset=&#8221;default&#8221; custom_margin=&#8221;||1px||false|false&#8221; locked=&#8221;off&#8221; global_colors_info=&#8221;{}&#8221;][\/et_pb_divider][et_pb_gallery gallery_ids=&#8221;26342,26336,26318,26330&#8243; show_title_and_caption=&#8221;off&#8221; _builder_version=&#8221;4.24.0&#8243; _module_preset=&#8221;default&#8221; locked=&#8221;off&#8221; global_colors_info=&#8221;{}&#8221;][\/et_pb_gallery][\/et_pb_column][\/et_pb_row][\/et_pb_section]<\/p>\n","protected":false},"excerpt":{"rendered":"<p>The 10th Congress and General Assembly (GA) of RIPESS Europe was held from the 7th to 10th of September 2021 at La Bergerie de Villarceaux. This GA was the opportunity [&hellip;]<\/p>\n","protected":false},"author":5,"featured_media":25310,"parent":336392,"menu_order":0,"comment_status":"closed","ping_status":"closed","template":"","meta":{"_et_pb_use_builder":"on","_et_pb_old_content":"<div class=\"entry\">\r\n<p lang=\"es-AR\" align=\"justify\"><img class=\"size-full wp-image-31899 aligncenter\" src=\"https:\/\/ripess.eu\/wp-content\/uploads\/sites\/4\/2022\/07\/10-years-after-2021GA.jpg\" alt=\"\" width=\"700\" height=\"318\" \/><\/p>\r\n<p lang=\"es-AR\" align=\"justify\">The 10th Congress and <strong>General Assembly (GA) of RIPESS Europe \u2013 Solidarity Economy Europe <\/strong>will be held from the<strong> 7th to 10th of September 2021 at <span style=\"color: #0000ff\"><a style=\"color: #0000ff\" href=\"http:\/\/bergerie-villarceaux.org\/index.php?page=english\">La Bergerie de Villarceaux<\/a><\/span>\u00a0(Paris, France)<\/strong>, with the support of the\u00a0<span style=\"color: #0000ff\"><strong><a style=\"color: #0000ff\" href=\"http:\/\/www.fph.ch\/\">FPH (Foundation for human progress)<\/a><\/strong>.<\/span> This GA is the opportunity to meet again and celebrate the <strong>10th Anniversary of the network<\/strong> in a convivial atmosphere and to continue planning together following the Strategic orientations approved in September 2020.<\/p>\r\n<p lang=\"es-AR\" align=\"justify\">The meeting focuses on the development of the European network 10 years from its foundation. New members are expected from different European countries and guests from other networks and organisations.\u00a0 Since it is a residential meeting, participants are expected to stay the whole time.\u00a0 Due to the health-related restrictions, places are limited.<\/p>\r\nTo confirm your participation, you must <span style=\"color: #0000ff\"><a style=\"color: #0000ff\" href=\"https:\/\/ripess.eu\/en\/eforms\/ga2021-registration\/17\/\"><strong>register online here<\/strong><\/a>.<\/span>\r\n\r\n\u00a0\r\n\r\n<img class=\"size-medium wp-image-330332 aligncenter\" src=\"https:\/\/ripess.eu\/wp-content\/uploads\/sites\/4\/2023\/01\/Ripess_europe_10-years_banner-300x117.jpg\" alt=\"\" width=\"300\" height=\"117\" \/>\r\n\r\n\u00a0\r\n\r\n<\/div>\r\n<div class=\"entry\">\r\n\r\n<strong>All you need to know about 2021 General Assembly:<\/strong>\r\n<ul>\r\n \t<li><span style=\"color: #0000ff\"><strong><a style=\"color: #0000ff\" href=\"https:\/\/nextcloud.ripess.eu\/s\/qa8M5MQ5wyk63NA\" target=\"_blank\" rel=\"noopener\">Participants (members and guests) infopack<\/a>\r\n<\/strong><\/span><\/li>\r\n \t<li><span style=\"color: #0000ff\"><a style=\"color: #0000ff\" href=\"https:\/\/ripess.eu\/en\/general-assembly-2021-here-is-the-program\/\" target=\"_blank\" rel=\"noopener\"><strong>GA Program<\/strong><\/a><\/span><\/li>\r\n \t<li><span style=\"color: #0000ff\"><a style=\"color: #0000ff\" href=\"https:\/\/ripess.eu\/en\/ga2021-reference-documents\/\" target=\"_blank\" rel=\"noopener\"><strong>GA Reference documents (Activity report, financial report, Startegic document)<\/strong><\/a><\/span><\/li>\r\n \t<li><span style=\"color: #0000ff\">\u00a0<a style=\"color: #0000ff\" href=\"https:\/\/cloud.ripess.eu\/index.php\/s\/xTBcnWm76a65Yy7\" target=\"_blank\" rel=\"noopener\"><strong>Strategic orientation document 2021-2023<\/strong><\/a>:<\/span> this document was prepared by the Coordination Committee and strategy working group and was discussed and revised at the General Assembly in September 2021.<\/li>\r\n<\/ul>\r\n<\/div>\r\n<strong>For logistics matters:\u00a0<\/strong>\r\n<div class=\"entry\">\r\n<ul>\r\n \t<li><span style=\"color: #0000ff\"><strong><a style=\"color: #0000ff\" href=\"https:\/\/ripess.eu\/en\/general-assemblies\/10th-general-assembly-villarceaux-paris-2021\/how-to-get-to-la-bergerie\/\" target=\"_blank\" rel=\"noopener\">How to plan your travel to La Bergerie de Villarceaux<\/a><\/strong><\/span><\/li>\r\n \t<li><span style=\"color: #0000ff\"><a style=\"color: #0000ff\" href=\"https:\/\/ripess.eu\/en\/general-assemblies\/10th-general-assembly-villarceaux-paris-2021\/food-and-accommodation-and-health-safety-provisions\/\" target=\"_blank\" rel=\"noopener\"><strong>Food and accommodation (and health safety provisions)<\/strong><\/a><\/span><\/li>\r\n \t<li><strong><span style=\"color: #0000ff\"><a style=\"color: #0000ff\" href=\"https:\/\/ripess.eu\/en\/general-assemblies\/10th-general-assembly-villarceaux-paris-2021\/costs-covered-by-ripess-eu\/\" target=\"_blank\" rel=\"noopener\">What costs are covered by RIPESS EU<\/a><\/span>\r\n<\/strong><\/li>\r\n<\/ul>\r\n\u00a0\r\n\r\n<\/div>\r\n<h4>Preparation of the General Assembly<\/h4>\r\nYou can access documents and forums for the preparation of the GA via the following links.\r\n\r\nIf you need to give a\u00a0<a href=\"https:\/\/cloud.ripess.eu\/index.php\/apps\/onlyoffice\/206967?filePath=%2FPartages%2FAG-General_Assemblies%2F2021_September_10_years%2FOfficial_docs%2Fproxyvote.docx\" target=\"_blank\" rel=\"noopener\"><strong>proxy vote<\/strong><\/a> to another member, please\u00a0<strong>compile and send <a href=\"https:\/\/cloud.ripess.eu\/index.php\/apps\/onlyoffice\/206967?filePath=%2FPartages%2FAG-General_Assemblies%2F2021_September_10_years%2FOfficial_docs%2Fproxyvote.docx\" target=\"_blank\" rel=\"noopener\">this form<\/a><\/strong>.\r\n\r\nPlease, read carefully the \"<strong><a href=\"https:\/\/cloud.ripess.eu\/index.php\/apps\/onlyoffice\/206935?filePath=%2FPartages%2FAG-General_Assemblies%2F2021_September_10_years%2FOfficial_docs%2FCoCo_renewal_appeal_for_candidates.docx\" target=\"_blank\" rel=\"noopener\">CoCo renewal - Appeal for candidates<\/a><\/strong>\" document.\r\n<div class=\"entry\">\r\n\r\n\u2013\u00a0<strong>Forum for the preparation of the General Assembly<\/strong>: to help build the GA together, we have opened a specific forum discussion in Framavox <a href=\"https:\/\/framavox.org\/d\/xfcNiWJB\/ga-2021-programme-preparation\" target=\"_blank\" rel=\"noopener\"><strong>at\u00a0this address<\/strong><\/a>. \u00a0You must be registered to participate.\r\n\r\n\u00a0\r\n\r\n<\/div>\r\n\r\n<hr \/>\r\n\r\n<div class=\"entry\">\r\n\r\n\u00a0\r\n\r\n<\/div>","_et_gb_content_width":"","footnotes":""},"class_list":["post-25308","page","type-page","status-publish","has-post-thumbnail","hentry"],"_links":{"self":[{"href":"https:\/\/ripess.eu\/en\/wp-json\/wp\/v2\/pages\/25308","targetHints":{"allow":["GET"]}}],"collection":[{"href":"https:\/\/ripess.eu\/en\/wp-json\/wp\/v2\/pages"}],"about":[{"href":"https:\/\/ripess.eu\/en\/wp-json\/wp\/v2\/types\/page"}],"author":[{"embeddable":true,"href":"https:\/\/ripess.eu\/en\/wp-json\/wp\/v2\/users\/5"}],"replies":[{"embeddable":true,"href":"https:\/\/ripess.eu\/en\/wp-json\/wp\/v2\/comments?post=25308"}],"version-history":[{"count":0,"href":"https:\/\/ripess.eu\/en\/wp-json\/wp\/v2\/pages\/25308\/revisions"}],"up":[{"embeddable":true,"href":"https:\/\/ripess.eu\/en\/wp-json\/wp\/v2\/pages\/336392"}],"wp:featuredmedia":[{"embeddable":true,"href":"https:\/\/ripess.eu\/en\/wp-json\/wp\/v2\/media\/25310"}],"wp:attachment":[{"href":"https:\/\/ripess.eu\/en\/wp-json\/wp\/v2\/media?parent=25308"}],"curies":[{"name":"wp","href":"https:\/\/api.w.org\/{rel}","templated":true}]}}