{"id":1933,"date":"2016-05-03T23:28:21","date_gmt":"2016-05-03T21:28:21","guid":{"rendered":"http:\/\/www.ripess.eu\/?page_id=1933"},"modified":"2016-06-15T16:39:52","modified_gmt":"2016-06-15T14:39:52","slug":"ga-2016-programme","status":"publish","type":"page","link":"https:\/\/ripess.eu\/en\/ga-2016-programme\/","title":{"rendered":"GA 2016: Programme"},"content":{"rendered":"<h2 align=\"center\"><span style=\"color: #993300;\">GA\u00a02016: Programme<\/span><\/h2>\n<h4 align=\"left\"><span style=\"color: #000080;\">MONDAY\u00a020TH\u00a0JUNE<\/span><\/h4>\n<p><span style=\"font-family: Arial, sans-serif;\"><b>Meeting at 4pm\u00a0at\u00a0Cergy-le-Haut (RER A) and collective transfer to\u00a0La Bergerie de Villarceaux<\/b><\/span><\/p>\n<p><strong>5pm<\/strong>\u00a0&#8211; Welcome and registration<\/p>\n<p><span style=\"font-family: Arial, sans-serif;\"><strong>5:30pm<\/strong>\u00a0&#8211; Presentation of the Assembly agenda<\/span><\/p>\n<p><span style=\"font-family: Arial, sans-serif;\"><strong>6pm<\/strong>\u00a0&#8211; Introduction. \u00a0<strong>Solidarity Europe: the challenges of SSE and the building of a movement for a\u00a0real change<\/strong><\/span><span style=\"font-family: Arial, sans-serif;\"><br \/>\nWith:<br \/>\nClaudia Neubauer (FPH)<br \/>\nJosette Combes\u00a0(RIPESS EU coordinating committee)<br \/>\nJean-Louis Laville (RIPESS EU advisory council)<\/span><\/p>\n<p align=\"left\"><span style=\"color: #434343;\"><span style=\"font-family: Arial, sans-serif;\">Debate<\/span><\/span><\/p>\n<p align=\"left\"><strong>7:45pm<\/strong> &#8211; D\u00eenner<\/p>\n<p><strong>9pm<\/strong>\u00a0&#8211; Presentation\u00a0of the new members<span style=\"color: #000000;\"><span style=\"font-family: Arial, sans-serif;\"><span style=\"font-size: small;\"><br \/>\n<\/span><\/span><\/span><span style=\"color: #000000;\"><span style=\"font-family: Arial, sans-serif;\"><span style=\"font-size: small;\"><b><br \/>\n<\/b><\/span><\/span><\/span><b><\/b><\/p>\n<h4><span style=\"color: #000080;\"><span style=\"font-family: Arial, sans-serif;\"><b>TUESDAY<\/b><\/span><b>\u00a0<\/b><span style=\"font-family: Arial, sans-serif;\"><b>21st<\/b><\/span><span style=\"font-family: Arial, sans-serif;\"><span style=\"font-size: small;\"><b>\u00a0<\/b><\/span><\/span>JUNE<\/span><\/h4>\n<p align=\"left\"><span style=\"color: #000000;\"><span style=\"font-family: Arial, sans-serif;\"><span style=\"font-size: small;\"><b><br \/>\n<\/b><\/span><\/span><\/span><span style=\"font-family: Arial, sans-serif;\"><strong>7:45-9am<\/strong>\u00a0&#8211;\u00a0Breakfast<\/span><\/p>\n<p align=\"left\"><span style=\"font-family: Arial, sans-serif;\"><strong>9am-10:30am<\/strong> &#8211; <\/span><span style=\"font-family: Arial, sans-serif;\"><b>Network strategy and strategies among networks\u00a0<\/b><\/span><\/p>\n<p align=\"left\"><span style=\"font-family: Arial, sans-serif;\">World caf\u00e9 and selection of the workshops<\/span><\/p>\n<p align=\"left\"><span style=\"font-family: Arial, sans-serif;\"><strong>10:30am<\/strong>\u00a0Coffee break<\/span><\/p>\n<p align=\"left\"><span style=\"font-family: Arial, sans-serif;\"><strong>11am-12:30am<\/strong>\u00a0<strong><a href=\"http:\/\/europe.ripess.rio20.net\/?lang=en\/ga-2016-workshops\/\">Workshops<\/a><\/strong><br \/>\n<\/span><\/p>\n<div>\n<p>1) Networking, Inter-cooperation &amp; Co-construction [S4A, Solidarius]<br \/>\n2) Rethinking the economy, work and solidarity enterprise\u00a0[INEES]<br \/>\n3)\u00a0Impact &amp; social audits [ADEPES+UFISC]<br \/>\n4)\u00a0Panorama &#8211; mapping &amp; visibility [MES+Socioeco]<br \/>\n5)\u00a0SSE laws &amp; public policies\u00a0[UFISC+MES, RTES]<br \/>\n6)\u00a0Local food systems and SSE\u00a0[URGENCI]<br \/>\n7)\u00a0Other<\/p>\n<\/div>\n<p align=\"left\"><span style=\"font-family: Arial, sans-serif;\"><br \/>\n<\/span><span style=\"font-family: Arial, sans-serif;\"><strong>12:30am<\/strong>\u00a0&#8211; Lunch<\/span><\/p>\n<p align=\"left\"><span style=\"font-family: Arial, sans-serif;\"><strong>2pm<\/strong>\u00a0&#8211;\u00a0<\/span><span style=\"color: #000000;\"><span style=\"font-family: Arial, sans-serif;\"><span style=\"font-size: small;\"><b>General Assembly &#8211; Plenary session<\/b><\/span><\/span><\/span><\/p>\n<p>(a) vote for the acceptance of new members<\/p>\n<p>(b) discussion of the strategic orientations\u00a02016-2018 and ratification of the strategy document and action plan<\/p>\n<p align=\"left\"><span style=\"font-family: Arial, sans-serif;\"><strong>4pm<\/strong>\u00a0&#8211; Coffee break<\/span><\/p>\n<p align=\"left\"><span style=\"font-family: Arial, sans-serif;\">(c) Proposals for the Assembly<\/span><\/p>\n<ol>\n<li>Validation of the accession of new members<\/li>\n<li>Strategic guidelines, voting guidelines and action plan<\/li>\n<li>Amendment of the statutes<\/li>\n<li>The Advisory Council<\/li>\n<li>Designation of delegates to the RIPESS Intercontinental<\/li>\n<li>Validation of the financial accounts 2015 and 2016 projected budget.\n<p align=\"left\">\n<\/li>\n<\/ol>\n<p align=\"left\">(d) Renewal of the Coordination Committee<\/p>\n<p align=\"left\"><strong>7:30pm<\/strong>\u00a0&#8211; Dinner<\/p>\n<p><strong>8:30pm<\/strong>\u00a0&#8211; Evening activities and conviviality<\/p>\n<h4 align=\"left\"><span style=\"color: #000080;\"><strong>WEDNESDAY\u00a022nd JUNE<\/strong><\/span><\/h4>\n<p><strong>7:45am-9am<\/strong>\u00a0&#8211;\u00a0Breakfast<\/p>\n<p><strong>9:30am &#8211; 11am<\/strong>\u00a0Round Table: <strong>What public policies for the SSE: legislation and co-construction spaces for the\u00a0European SSE<\/strong><\/p>\n<p>Speakers:<br \/>\n&#8211; Eric Lavilluni\u00e8re, General coordinator of RIPESS Europe<br \/>\n&#8211; Laure Jongejans, Executive secretary of RIPESS Intercontinental<br \/>\n&#8211; Emmanuel\u00a0<span class=\"s1\">Verny, D\u00e9l\u00e9gu\u00e9 G\u00e9n\u00e9ral of ESS France (Chambre Fran\u00e7aise de l\u2019Economie Sociale et Solidaire), Vice-President of\u00a0Social Economy Europe<br \/>\n&#8211; Roger Belot,\u00a0President d\u2019Honneur of\u00a0MAIF and Pr\u00e9sident of\u00a0<abbr title=\"\u00c9conomie sociale et solidaire\">ESS<\/abbr> France<br \/>\n&#8211; Annie Berger, Board member of\u00a0RTES (R\u00e9seau des collectivit\u00e9s territoriales pour une \u00e9conomie solidaire)<br \/>\n&#8211; Juan Peris Mencheta Barrio, Podemos \/ GUE, organiser of the EFSSE (European Forum on SSE)<br \/>\n&#8211; Yiannis Barkas, Ministry of Labour, Greece<\/span><\/p>\n<p>Moderator:<br \/>\n&#8211; Jason Nardi, General delegate for RIPESS Europe<\/p>\n<p><strong>11am &#8211; 11:15am<\/strong>\u00a0Coffee break<\/p>\n<p><strong>11:15am &#8211; 12:15am<\/strong> Debate and conclusions<\/p>\n<p><strong>12:30am<\/strong> &#8211;\u00a0Lunch<\/p>\n<p><strong>2pm<\/strong>\u00a0&#8211; Departure, shuttle bus to Cergy-le-Haut (RER A)<\/p>\n","protected":false},"excerpt":{"rendered":"<p>GA\u00a02016: Programme MONDAY\u00a020TH\u00a0JUNE Meeting at 4pm\u00a0at\u00a0Cergy-le-Haut (RER A) and collective transfer to\u00a0La Bergerie de Villarceaux 5pm\u00a0&#8211; Welcome and registration 5:30pm\u00a0&#8211; Presentation of the Assembly agenda 6pm\u00a0&#8211; Introduction. \u00a0Solidarity Europe: the [&hellip;]<\/p>\n","protected":false},"author":1,"featured_media":0,"parent":0,"menu_order":0,"comment_status":"closed","ping_status":"closed","template":"","meta":{"_et_pb_use_builder":"","_et_pb_old_content":"","_et_gb_content_width":"","footnotes":""},"class_list":["post-1933","page","type-page","status-publish","hentry"],"_links":{"self":[{"href":"https:\/\/ripess.eu\/en\/wp-json\/wp\/v2\/pages\/1933","targetHints":{"allow":["GET"]}}],"collection":[{"href":"https:\/\/ripess.eu\/en\/wp-json\/wp\/v2\/pages"}],"about":[{"href":"https:\/\/ripess.eu\/en\/wp-json\/wp\/v2\/types\/page"}],"author":[{"embeddable":true,"href":"https:\/\/ripess.eu\/en\/wp-json\/wp\/v2\/users\/1"}],"replies":[{"embeddable":true,"href":"https:\/\/ripess.eu\/en\/wp-json\/wp\/v2\/comments?post=1933"}],"version-history":[{"count":0,"href":"https:\/\/ripess.eu\/en\/wp-json\/wp\/v2\/pages\/1933\/revisions"}],"wp:attachment":[{"href":"https:\/\/ripess.eu\/en\/wp-json\/wp\/v2\/media?parent=1933"}],"curies":[{"name":"wp","href":"https:\/\/api.w.org\/{rel}","templated":true}]}}